{"id":1156,"date":"2024-01-18T18:28:37","date_gmt":"2024-01-18T18:28:37","guid":{"rendered":"https:\/\/serene-chatelet.138-201-86-160.plesk.page\/?page_id=1156"},"modified":"2024-02-05T15:20:26","modified_gmt":"2024-02-05T15:20:26","slug":"teilverklebung","status":"publish","type":"page","link":"https:\/\/dinyx.de\/index.php\/teilverklebung\/","title":{"rendered":"Teilverklebung"},"content":{"rendered":"\t\t<div data-elementor-type=\"wp-page\" data-elementor-id=\"1156\" class=\"elementor elementor-1156\" data-elementor-post-type=\"page\">\n\t\t\t\t<div class=\"elementor-element elementor-element-f3f2c31 e-flex e-con-boxed e-con e-parent\" data-id=\"f3f2c31\" data-element_type=\"container\" data-settings=\"{&quot;background_background&quot;:&quot;gradient&quot;}\">\n\t\t\t\t\t<div class=\"e-con-inner\">\n\t\t\t\t\t<\/div>\n\t\t\t\t<\/div>\n\t\t<div class=\"elementor-element elementor-element-ff1e8cd e-flex e-con-boxed e-con e-parent\" data-id=\"ff1e8cd\" data-element_type=\"container\">\n\t\t\t\t\t<div class=\"e-con-inner\">\n\t\t<div class=\"elementor-element elementor-element-13ffdc9 e-flex e-con-boxed e-con e-child\" data-id=\"13ffdc9\" data-element_type=\"container\">\n\t\t\t\t\t<div class=\"e-con-inner\">\n\t\t\t\t<div class=\"elementor-element elementor-element-1b8438f elementor-widget elementor-widget-heading\" data-id=\"1b8438f\" data-element_type=\"widget\" data-widget_type=\"heading.default\">\n\t\t\t\t\t<h2 class=\"elementor-heading-title elementor-size-default\">Individualit\u00e4t durch Teilverklebung<\/h2>\t\t\t\t<\/div>\n\t\t\t\t<div class=\"elementor-element elementor-element-ba1de3f elementor-widget elementor-widget-heading\" data-id=\"ba1de3f\" data-element_type=\"widget\" data-widget_type=\"heading.default\">\n\t\t\t\t\t<h1 class=\"elementor-heading-title elementor-size-default\">Auto folieren lassen in Hannover<\/h1>\t\t\t\t<\/div>\n\t\t\t\t<div class=\"elementor-element elementor-element-3f36769 elementor-widget elementor-widget-text-editor\" data-id=\"3f36769\" data-element_type=\"widget\" data-widget_type=\"text-editor.default\">\n\t\t\t\t\t\t\t\t\t<p>Sie m\u00f6chten Ihr Auto nur teilweise folieren lassen? Auch dann haben die Car Wrapper aus Hannover eine passende L\u00f6sung f\u00fcr Sie. Bei der Teilverklebung werden nur einzelne Bauteile Ihres Fahrzeugs mit Folie veredelt. Am h\u00e4ufigsten werden hier die Motorhaube, das Dach und die Spiegelklappen beklebt. So gewinnt Ihr Fahrzeug ein ganz eigenes, individuelles Aussehen. Es k\u00f6nnen aber auch kostensparende Layouts auf ganze Fahrzeugflotten umgesetzt werden, zum Beispiel f\u00fcr einen einheitlichen Look mit Wiedererkennungswert von Firmenwagen.<\/p><h5 style=\"color: #00a6b0;\">Beispiele f\u00fcr das Folieren von Firmenfahrzeugen in Hannover<\/h5><p>Unser Kunde MBL Security hat insgesamt drei Fahrzeuge verschiedenen Typs folieren lassen, wobei zwei Autos urspr\u00fcnglich schwarz waren und eines wei\u00df.<\/p><p>Die schwarzen Fahrzeuge wurden deshalb in perlmutwei\u00df teilfoliert und das wei\u00dfe Auto wurde zweifarbig in Perlmut und Schwarz vollfoliert. Nach der Folierung durch unser Team in Hannover ist kein Unterschied mehr zwischen den Fahrzeugen erkennbar.<\/p><p>Wie auch beim Car Wrapping erhalten Sie bei uns im Vorfeld eine umfassende Beratung und bekommen von unserer Design-Abteilung ein genaues Bild, wie Ihr Auto nach dem Folieren aussehen wird.<\/p><p>Tipp: Je nach Beschaffenheit lassen sich zum Beispiel auch die Felgen mit Folie individualisieren. Wir beraten Sie gerne \u00fcber die zahlreichen M\u00f6glichkeiten einer Teilfolierung!<\/p>\t\t\t\t\t\t\t\t<\/div>\n\t\t\t\t\t<\/div>\n\t\t\t\t<\/div>\n\t\t\t\t\t<\/div>\n\t\t\t\t<\/div>\n\t\t\t\t<\/div>\n\t\t","protected":false},"excerpt":{"rendered":"<p>Individualit\u00e4t durch Teilverklebung Auto folieren lassen in Hannover Sie m\u00f6chten Ihr Auto nur teilweise folieren lassen? Auch dann haben die Car Wrapper aus Hannover eine passende L\u00f6sung f\u00fcr Sie. Bei der Teilverklebung werden nur einzelne Bauteile Ihres Fahrzeugs mit Folie veredelt. Am h\u00e4ufigsten werden hier die Motorhaube, das Dach und die Spiegelklappen beklebt. So gewinnt [&hellip;]<\/p>\n","protected":false},"author":1,"featured_media":0,"parent":0,"menu_order":0,"comment_status":"closed","ping_status":"open","template":"","meta":{"footnotes":""},"class_list":["post-1156","page","type-page","status-publish","hentry"],"_links":{"self":[{"href":"https:\/\/dinyx.de\/index.php\/wp-json\/wp\/v2\/pages\/1156","targetHints":{"allow":["GET"]}}],"collection":[{"href":"https:\/\/dinyx.de\/index.php\/wp-json\/wp\/v2\/pages"}],"about":[{"href":"https:\/\/dinyx.de\/index.php\/wp-json\/wp\/v2\/types\/page"}],"author":[{"embeddable":true,"href":"https:\/\/dinyx.de\/index.php\/wp-json\/wp\/v2\/users\/1"}],"replies":[{"embeddable":true,"href":"https:\/\/dinyx.de\/index.php\/wp-json\/wp\/v2\/comments?post=1156"}],"version-history":[{"count":13,"href":"https:\/\/dinyx.de\/index.php\/wp-json\/wp\/v2\/pages\/1156\/revisions"}],"predecessor-version":[{"id":2969,"href":"https:\/\/dinyx.de\/index.php\/wp-json\/wp\/v2\/pages\/1156\/revisions\/2969"}],"wp:attachment":[{"href":"https:\/\/dinyx.de\/index.php\/wp-json\/wp\/v2\/media?parent=1156"}],"curies":[{"name":"wp","href":"https:\/\/api.w.org\/{rel}","templated":true}]}}