{"id":1166,"date":"2024-01-18T18:35:19","date_gmt":"2024-01-18T18:35:19","guid":{"rendered":"https:\/\/serene-chatelet.138-201-86-160.plesk.page\/?page_id=1166"},"modified":"2024-02-05T15:22:36","modified_gmt":"2024-02-05T15:22:36","slug":"fahrzeugbeschriftung","status":"publish","type":"page","link":"https:\/\/dinyx.de\/index.php\/fahrzeugbeschriftung\/","title":{"rendered":"Fahrzeugbeschriftung"},"content":{"rendered":"\t\t<div data-elementor-type=\"wp-page\" data-elementor-id=\"1166\" class=\"elementor elementor-1166\" data-elementor-post-type=\"page\">\n\t\t\t\t<div class=\"elementor-element elementor-element-f3f2c31 e-flex e-con-boxed e-con e-parent\" data-id=\"f3f2c31\" data-element_type=\"container\" data-settings=\"{&quot;background_background&quot;:&quot;gradient&quot;}\">\n\t\t\t\t\t<div class=\"e-con-inner\">\n\t\t\t\t\t<\/div>\n\t\t\t\t<\/div>\n\t\t<div class=\"elementor-element elementor-element-ff1e8cd e-flex e-con-boxed e-con e-parent\" data-id=\"ff1e8cd\" data-element_type=\"container\">\n\t\t\t\t\t<div class=\"e-con-inner\">\n\t\t<div class=\"elementor-element elementor-element-13ffdc9 e-flex e-con-boxed e-con e-child\" data-id=\"13ffdc9\" data-element_type=\"container\">\n\t\t\t\t\t<div class=\"e-con-inner\">\n\t\t\t\t<div class=\"elementor-element elementor-element-1b8438f elementor-widget elementor-widget-heading\" data-id=\"1b8438f\" data-element_type=\"widget\" data-widget_type=\"heading.default\">\n\t\t\t\t\t<h2 class=\"elementor-heading-title elementor-size-default\">Individuelles Design<\/h2>\t\t\t\t<\/div>\n\t\t\t\t<div class=\"elementor-element elementor-element-ba1de3f elementor-widget elementor-widget-heading\" data-id=\"ba1de3f\" data-element_type=\"widget\" data-widget_type=\"heading.default\">\n\t\t\t\t\t<h1 class=\"elementor-heading-title elementor-size-default\">Fahrzeugbeschriftung in Hannover<\/h1>\t\t\t\t<\/div>\n\t\t\t\t<div class=\"elementor-element elementor-element-3f36769 elementor-widget elementor-widget-text-editor\" data-id=\"3f36769\" data-element_type=\"widget\" data-widget_type=\"text-editor.default\">\n\t\t\t\t\t\t\t\t\t<p>Sie interessieren sich f\u00fcr eine Fahrzeug\u00adbeschriftung? Dann sind die Car Wrapper in Hannover der richtige Ansprechpartner! Wir <strong>beschriften Ihr Fahrzeug<\/strong> individuell nach Ihren Vorgaben \u2013 egal, ob nur als kleiner Schriftzug oder eine komplette Vollverklebung mit digital bedruckten Folien.<\/p><p>Da jedes Fahrzeug seine Eigenheiten in Bezug auf Sicken und Rundungen hat, muss man diese Vorgaben auch in das Layout einflie\u00dfen lassen.<br \/>Mit <strong>weit \u00fcber 100 beklebten Fahrzeugen<\/strong> in allen nur denkbaren Kombinationen aus Plottfolie und<\/p><p>Digitaldruck stehen Ihnen die CarWrapper aus Hannover bereits beim Design Ihres Fahrzeugs mit gro\u00dfem Fachwissen rund um die Fahrzeugbeschriftung zur Verf\u00fcgung.<\/p><h5 style=\"color: #00a6b0;\">Professionelle Fahrzeugbeschriftung nach Ihrem Bedarf<\/h5><p>Bei der Fahrzeugbeschriftung spielt es keine Rolle, ob Sie nur eine einfache Werbung auf Ihren Seitent\u00fcren haben m\u00f6chten oder Sie Ihrer gesamten Fahrzeugflotte ein einheitliches Erscheinungsbild geben m\u00f6chten.<\/p><p>Wir setzen Ihre Ideen mit Know-how und Kreativit\u00e4t um! Selbstverst\u00e4ndlich verwenden wir in unserem Unternehmen in Hannover ausschlie\u00dflich <strong>polymere oder gegossene Hochleistungsfolien namhafter Hersteller<\/strong>, die f\u00fcr die Fahrzeugverklebung geeignet sind und sich auch nach Jahren r\u00fcckstandsfrei vom Lack entfernen lassen. F\u00fcr Ihre Fragen und Umsetzungsvorschl\u00e4ge stehen wir Ihnen gerne pers\u00f6nlich zur Verf\u00fcgung. Sprechen Sie uns an und lassen Sie sich individuell von uns beraten!<\/p>\t\t\t\t\t\t\t\t<\/div>\n\t\t\t\t\t<\/div>\n\t\t\t\t<\/div>\n\t\t\t\t\t<\/div>\n\t\t\t\t<\/div>\n\t\t<div class=\"elementor-element elementor-element-051a340 e-flex e-con-boxed e-con e-parent\" data-id=\"051a340\" data-element_type=\"container\" data-settings=\"{&quot;background_background&quot;:&quot;classic&quot;}\">\n\t\t\t\t\t<div class=\"e-con-inner\">\n\t\t\t\t<div class=\"elementor-element elementor-element-c1b722a elementor-widget elementor-widget-gallery\" data-id=\"c1b722a\" data-element_type=\"widget\" data-settings=\"{&quot;gallery_layout&quot;:&quot;justified&quot;,&quot;gap&quot;:{&quot;unit&quot;:&quot;px&quot;,&quot;size&quot;:20,&quot;sizes&quot;:[]},&quot;lazyload&quot;:&quot;yes&quot;,&quot;ideal_row_height&quot;:{&quot;unit&quot;:&quot;px&quot;,&quot;size&quot;:200,&quot;sizes&quot;:[]},&quot;ideal_row_height_tablet&quot;:{&quot;unit&quot;:&quot;px&quot;,&quot;size&quot;:150,&quot;sizes&quot;:[]},&quot;ideal_row_height_mobile&quot;:{&quot;unit&quot;:&quot;px&quot;,&quot;size&quot;:150,&quot;sizes&quot;:[]},&quot;gap_tablet&quot;:{&quot;unit&quot;:&quot;px&quot;,&quot;size&quot;:10,&quot;sizes&quot;:[]},&quot;gap_mobile&quot;:{&quot;unit&quot;:&quot;px&quot;,&quot;size&quot;:10,&quot;sizes&quot;:[]},&quot;link_to&quot;:&quot;file&quot;,&quot;overlay_background&quot;:&quot;yes&quot;,&quot;content_hover_animation&quot;:&quot;fade-in&quot;}\" data-widget_type=\"gallery.default\">\n\t\t\t\t\t\t\t<div class=\"elementor-gallery__container\">\n\t\t\t\t\t\t\t<a class=\"e-gallery-item elementor-gallery-item elementor-animated-content\" href=\"https:\/\/dinyx.de\/wp-content\/uploads\/2024\/01\/beschriftung_hannover_34.jpg\" data-elementor-open-lightbox=\"yes\" data-elementor-lightbox-slideshow=\"c1b722a\" data-elementor-lightbox-title=\"beschriftung_hannover_34\" data-e-action-hash=\"#elementor-action%3Aaction%3Dlightbox%26settings%3DeyJpZCI6MTE3MiwidXJsIjoiaHR0cHM6XC9cL2Rpbnl4LmRlXC93cC1jb250ZW50XC91cGxvYWRzXC8yMDI0XC8wMVwvYmVzY2hyaWZ0dW5nX2hhbm5vdmVyXzM0LmpwZyIsInNsaWRlc2hvdyI6ImMxYjcyMmEifQ%3D%3D\">\n\t\t\t\t\t<div class=\"e-gallery-image elementor-gallery-item__image\" data-thumbnail=\"https:\/\/dinyx.de\/wp-content\/uploads\/2024\/01\/beschriftung_hannover_34-300x225.jpg\" data-width=\"300\" data-height=\"225\" aria-label=\"\" role=\"img\" ><\/div>\n\t\t\t\t\t\t\t\t\t\t\t<div class=\"elementor-gallery-item__overlay\"><\/div>\n\t\t\t\t\t\t\t\t\t\t\t\t\t\t<\/a>\n\t\t\t\t\t\t\t<a class=\"e-gallery-item elementor-gallery-item elementor-animated-content\" href=\"https:\/\/dinyx.de\/wp-content\/uploads\/2024\/01\/beschriftung_hannover_33.jpg\" data-elementor-open-lightbox=\"yes\" data-elementor-lightbox-slideshow=\"c1b722a\" data-elementor-lightbox-title=\"beschriftung_hannover_33\" data-e-action-hash=\"#elementor-action%3Aaction%3Dlightbox%26settings%3DeyJpZCI6MTE3MSwidXJsIjoiaHR0cHM6XC9cL2Rpbnl4LmRlXC93cC1jb250ZW50XC91cGxvYWRzXC8yMDI0XC8wMVwvYmVzY2hyaWZ0dW5nX2hhbm5vdmVyXzMzLmpwZyIsInNsaWRlc2hvdyI6ImMxYjcyMmEifQ%3D%3D\">\n\t\t\t\t\t<div class=\"e-gallery-image elementor-gallery-item__image\" data-thumbnail=\"https:\/\/dinyx.de\/wp-content\/uploads\/2024\/01\/beschriftung_hannover_33-300x225.jpg\" data-width=\"300\" data-height=\"225\" aria-label=\"\" role=\"img\" ><\/div>\n\t\t\t\t\t\t\t\t\t\t\t<div class=\"elementor-gallery-item__overlay\"><\/div>\n\t\t\t\t\t\t\t\t\t\t\t\t\t\t<\/a>\n\t\t\t\t\t\t\t<a class=\"e-gallery-item elementor-gallery-item elementor-animated-content\" href=\"https:\/\/dinyx.de\/wp-content\/uploads\/2024\/01\/beschriftung_hannover_35.jpg\" data-elementor-open-lightbox=\"yes\" data-elementor-lightbox-slideshow=\"c1b722a\" data-elementor-lightbox-title=\"beschriftung_hannover_35\" data-e-action-hash=\"#elementor-action%3Aaction%3Dlightbox%26settings%3DeyJpZCI6MTE3MywidXJsIjoiaHR0cHM6XC9cL2Rpbnl4LmRlXC93cC1jb250ZW50XC91cGxvYWRzXC8yMDI0XC8wMVwvYmVzY2hyaWZ0dW5nX2hhbm5vdmVyXzM1LmpwZyIsInNsaWRlc2hvdyI6ImMxYjcyMmEifQ%3D%3D\">\n\t\t\t\t\t<div class=\"e-gallery-image elementor-gallery-item__image\" data-thumbnail=\"https:\/\/dinyx.de\/wp-content\/uploads\/2024\/01\/beschriftung_hannover_35-300x200.jpg\" data-width=\"300\" data-height=\"200\" aria-label=\"\" role=\"img\" ><\/div>\n\t\t\t\t\t\t\t\t\t\t\t<div class=\"elementor-gallery-item__overlay\"><\/div>\n\t\t\t\t\t\t\t\t\t\t\t\t\t\t<\/a>\n\t\t\t\t\t\t\t<a class=\"e-gallery-item elementor-gallery-item elementor-animated-content\" href=\"https:\/\/dinyx.de\/wp-content\/uploads\/2024\/01\/beschriftung_hannover_42.jpg\" data-elementor-open-lightbox=\"yes\" data-elementor-lightbox-slideshow=\"c1b722a\" data-elementor-lightbox-title=\"beschriftung_hannover_42\" data-e-action-hash=\"#elementor-action%3Aaction%3Dlightbox%26settings%3DeyJpZCI6MTE3NCwidXJsIjoiaHR0cHM6XC9cL2Rpbnl4LmRlXC93cC1jb250ZW50XC91cGxvYWRzXC8yMDI0XC8wMVwvYmVzY2hyaWZ0dW5nX2hhbm5vdmVyXzQyLmpwZyIsInNsaWRlc2hvdyI6ImMxYjcyMmEifQ%3D%3D\">\n\t\t\t\t\t<div class=\"e-gallery-image elementor-gallery-item__image\" data-thumbnail=\"https:\/\/dinyx.de\/wp-content\/uploads\/2024\/01\/beschriftung_hannover_42-300x224.jpg\" data-width=\"300\" data-height=\"224\" aria-label=\"\" role=\"img\" ><\/div>\n\t\t\t\t\t\t\t\t\t\t\t<div class=\"elementor-gallery-item__overlay\"><\/div>\n\t\t\t\t\t\t\t\t\t\t\t\t\t\t<\/a>\n\t\t\t\t\t\t\t<a class=\"e-gallery-item elementor-gallery-item elementor-animated-content\" href=\"https:\/\/dinyx.de\/wp-content\/uploads\/2024\/01\/beschriftung_hannover_43.jpg\" data-elementor-open-lightbox=\"yes\" data-elementor-lightbox-slideshow=\"c1b722a\" data-elementor-lightbox-title=\"beschriftung_hannover_43\" data-e-action-hash=\"#elementor-action%3Aaction%3Dlightbox%26settings%3DeyJpZCI6MTE3NSwidXJsIjoiaHR0cHM6XC9cL2Rpbnl4LmRlXC93cC1jb250ZW50XC91cGxvYWRzXC8yMDI0XC8wMVwvYmVzY2hyaWZ0dW5nX2hhbm5vdmVyXzQzLmpwZyIsInNsaWRlc2hvdyI6ImMxYjcyMmEifQ%3D%3D\">\n\t\t\t\t\t<div class=\"e-gallery-image elementor-gallery-item__image\" data-thumbnail=\"https:\/\/dinyx.de\/wp-content\/uploads\/2024\/01\/beschriftung_hannover_43-300x225.jpg\" data-width=\"300\" data-height=\"225\" aria-label=\"\" role=\"img\" ><\/div>\n\t\t\t\t\t\t\t\t\t\t\t<div class=\"elementor-gallery-item__overlay\"><\/div>\n\t\t\t\t\t\t\t\t\t\t\t\t\t\t<\/a>\n\t\t\t\t\t\t\t<a class=\"e-gallery-item elementor-gallery-item elementor-animated-content\" href=\"https:\/\/dinyx.de\/wp-content\/uploads\/2024\/01\/beschriftung_hannover_44.jpg\" data-elementor-open-lightbox=\"yes\" data-elementor-lightbox-slideshow=\"c1b722a\" data-elementor-lightbox-title=\"beschriftung_hannover_44\" data-e-action-hash=\"#elementor-action%3Aaction%3Dlightbox%26settings%3DeyJpZCI6MTE3NiwidXJsIjoiaHR0cHM6XC9cL2Rpbnl4LmRlXC93cC1jb250ZW50XC91cGxvYWRzXC8yMDI0XC8wMVwvYmVzY2hyaWZ0dW5nX2hhbm5vdmVyXzQ0LmpwZyIsInNsaWRlc2hvdyI6ImMxYjcyMmEifQ%3D%3D\">\n\t\t\t\t\t<div class=\"e-gallery-image elementor-gallery-item__image\" data-thumbnail=\"https:\/\/dinyx.de\/wp-content\/uploads\/2024\/01\/beschriftung_hannover_44-300x225.jpg\" data-width=\"300\" data-height=\"225\" aria-label=\"\" role=\"img\" ><\/div>\n\t\t\t\t\t\t\t\t\t\t\t<div class=\"elementor-gallery-item__overlay\"><\/div>\n\t\t\t\t\t\t\t\t\t\t\t\t\t\t<\/a>\n\t\t\t\t\t\t\t<a class=\"e-gallery-item elementor-gallery-item elementor-animated-content\" href=\"https:\/\/dinyx.de\/wp-content\/uploads\/2024\/01\/beschriftung_hannover_45.jpg\" data-elementor-open-lightbox=\"yes\" data-elementor-lightbox-slideshow=\"c1b722a\" data-elementor-lightbox-title=\"beschriftung_hannover_45\" data-e-action-hash=\"#elementor-action%3Aaction%3Dlightbox%26settings%3DeyJpZCI6MTE3NywidXJsIjoiaHR0cHM6XC9cL2Rpbnl4LmRlXC93cC1jb250ZW50XC91cGxvYWRzXC8yMDI0XC8wMVwvYmVzY2hyaWZ0dW5nX2hhbm5vdmVyXzQ1LmpwZyIsInNsaWRlc2hvdyI6ImMxYjcyMmEifQ%3D%3D\">\n\t\t\t\t\t<div class=\"e-gallery-image elementor-gallery-item__image\" data-thumbnail=\"https:\/\/dinyx.de\/wp-content\/uploads\/2024\/01\/beschriftung_hannover_45-225x300.jpg\" data-width=\"225\" data-height=\"300\" aria-label=\"\" role=\"img\" ><\/div>\n\t\t\t\t\t\t\t\t\t\t\t<div class=\"elementor-gallery-item__overlay\"><\/div>\n\t\t\t\t\t\t\t\t\t\t\t\t\t\t<\/a>\n\t\t\t\t\t\t\t<a class=\"e-gallery-item elementor-gallery-item elementor-animated-content\" href=\"https:\/\/dinyx.de\/wp-content\/uploads\/2024\/01\/beschriftung_hannover_46.jpg\" data-elementor-open-lightbox=\"yes\" data-elementor-lightbox-slideshow=\"c1b722a\" data-elementor-lightbox-title=\"beschriftung_hannover_46\" data-e-action-hash=\"#elementor-action%3Aaction%3Dlightbox%26settings%3DeyJpZCI6MTE3OCwidXJsIjoiaHR0cHM6XC9cL2Rpbnl4LmRlXC93cC1jb250ZW50XC91cGxvYWRzXC8yMDI0XC8wMVwvYmVzY2hyaWZ0dW5nX2hhbm5vdmVyXzQ2LmpwZyIsInNsaWRlc2hvdyI6ImMxYjcyMmEifQ%3D%3D\">\n\t\t\t\t\t<div class=\"e-gallery-image elementor-gallery-item__image\" data-thumbnail=\"https:\/\/dinyx.de\/wp-content\/uploads\/2024\/01\/beschriftung_hannover_46-300x225.jpg\" data-width=\"300\" data-height=\"225\" aria-label=\"\" role=\"img\" ><\/div>\n\t\t\t\t\t\t\t\t\t\t\t<div class=\"elementor-gallery-item__overlay\"><\/div>\n\t\t\t\t\t\t\t\t\t\t\t\t\t\t<\/a>\n\t\t\t\t\t\t\t<a class=\"e-gallery-item elementor-gallery-item elementor-animated-content\" href=\"https:\/\/dinyx.de\/wp-content\/uploads\/2024\/01\/beschriftung_hannover_47.jpg\" data-elementor-open-lightbox=\"yes\" data-elementor-lightbox-slideshow=\"c1b722a\" data-elementor-lightbox-title=\"beschriftung_hannover_47\" data-e-action-hash=\"#elementor-action%3Aaction%3Dlightbox%26settings%3DeyJpZCI6MTE3OSwidXJsIjoiaHR0cHM6XC9cL2Rpbnl4LmRlXC93cC1jb250ZW50XC91cGxvYWRzXC8yMDI0XC8wMVwvYmVzY2hyaWZ0dW5nX2hhbm5vdmVyXzQ3LmpwZyIsInNsaWRlc2hvdyI6ImMxYjcyMmEifQ%3D%3D\">\n\t\t\t\t\t<div class=\"e-gallery-image elementor-gallery-item__image\" data-thumbnail=\"https:\/\/dinyx.de\/wp-content\/uploads\/2024\/01\/beschriftung_hannover_47-300x225.jpg\" data-width=\"300\" data-height=\"225\" aria-label=\"\" role=\"img\" ><\/div>\n\t\t\t\t\t\t\t\t\t\t\t<div class=\"elementor-gallery-item__overlay\"><\/div>\n\t\t\t\t\t\t\t\t\t\t\t\t\t\t<\/a>\n\t\t\t\t\t\t\t<a class=\"e-gallery-item elementor-gallery-item elementor-animated-content\" href=\"https:\/\/dinyx.de\/wp-content\/uploads\/2024\/01\/beschriftung_hannover_48.jpg\" data-elementor-open-lightbox=\"yes\" data-elementor-lightbox-slideshow=\"c1b722a\" data-elementor-lightbox-title=\"beschriftung_hannover_48\" data-e-action-hash=\"#elementor-action%3Aaction%3Dlightbox%26settings%3DeyJpZCI6MTE4MCwidXJsIjoiaHR0cHM6XC9cL2Rpbnl4LmRlXC93cC1jb250ZW50XC91cGxvYWRzXC8yMDI0XC8wMVwvYmVzY2hyaWZ0dW5nX2hhbm5vdmVyXzQ4LmpwZyIsInNsaWRlc2hvdyI6ImMxYjcyMmEifQ%3D%3D\">\n\t\t\t\t\t<div class=\"e-gallery-image elementor-gallery-item__image\" data-thumbnail=\"https:\/\/dinyx.de\/wp-content\/uploads\/2024\/01\/beschriftung_hannover_48-300x225.jpg\" data-width=\"300\" data-height=\"225\" aria-label=\"\" role=\"img\" ><\/div>\n\t\t\t\t\t\t\t\t\t\t\t<div class=\"elementor-gallery-item__overlay\"><\/div>\n\t\t\t\t\t\t\t\t\t\t\t\t\t\t<\/a>\n\t\t\t\t\t\t\t<a class=\"e-gallery-item elementor-gallery-item elementor-animated-content\" href=\"https:\/\/dinyx.de\/wp-content\/uploads\/2024\/01\/beschriftung_hannover_49.jpg\" data-elementor-open-lightbox=\"yes\" data-elementor-lightbox-slideshow=\"c1b722a\" data-elementor-lightbox-title=\"beschriftung_hannover_49\" data-e-action-hash=\"#elementor-action%3Aaction%3Dlightbox%26settings%3DeyJpZCI6MTE4MSwidXJsIjoiaHR0cHM6XC9cL2Rpbnl4LmRlXC93cC1jb250ZW50XC91cGxvYWRzXC8yMDI0XC8wMVwvYmVzY2hyaWZ0dW5nX2hhbm5vdmVyXzQ5LmpwZyIsInNsaWRlc2hvdyI6ImMxYjcyMmEifQ%3D%3D\">\n\t\t\t\t\t<div class=\"e-gallery-image elementor-gallery-item__image\" data-thumbnail=\"https:\/\/dinyx.de\/wp-content\/uploads\/2024\/01\/beschriftung_hannover_49-300x225.jpg\" data-width=\"300\" data-height=\"225\" aria-label=\"\" role=\"img\" ><\/div>\n\t\t\t\t\t\t\t\t\t\t\t<div class=\"elementor-gallery-item__overlay\"><\/div>\n\t\t\t\t\t\t\t\t\t\t\t\t\t\t<\/a>\n\t\t\t\t\t\t\t<a class=\"e-gallery-item elementor-gallery-item elementor-animated-content\" href=\"https:\/\/dinyx.de\/wp-content\/uploads\/2024\/01\/beschriftung_hannover_50.jpg\" data-elementor-open-lightbox=\"yes\" data-elementor-lightbox-slideshow=\"c1b722a\" data-elementor-lightbox-title=\"beschriftung_hannover_50\" data-e-action-hash=\"#elementor-action%3Aaction%3Dlightbox%26settings%3DeyJpZCI6MTE4MiwidXJsIjoiaHR0cHM6XC9cL2Rpbnl4LmRlXC93cC1jb250ZW50XC91cGxvYWRzXC8yMDI0XC8wMVwvYmVzY2hyaWZ0dW5nX2hhbm5vdmVyXzUwLmpwZyIsInNsaWRlc2hvdyI6ImMxYjcyMmEifQ%3D%3D\">\n\t\t\t\t\t<div class=\"e-gallery-image elementor-gallery-item__image\" data-thumbnail=\"https:\/\/dinyx.de\/wp-content\/uploads\/2024\/01\/beschriftung_hannover_50-300x200.jpg\" data-width=\"300\" data-height=\"200\" aria-label=\"\" role=\"img\" ><\/div>\n\t\t\t\t\t\t\t\t\t\t\t<div class=\"elementor-gallery-item__overlay\"><\/div>\n\t\t\t\t\t\t\t\t\t\t\t\t\t\t<\/a>\n\t\t\t\t\t<\/div>\n\t\t\t\t\t<\/div>\n\t\t\t\t\t<\/div>\n\t\t\t\t<\/div>\n\t\t\t\t<\/div>\n\t\t","protected":false},"excerpt":{"rendered":"<p>Individuelles Design Fahrzeugbeschriftung in Hannover Sie interessieren sich f\u00fcr eine Fahrzeug\u00adbeschriftung? Dann sind die Car Wrapper in Hannover der richtige Ansprechpartner! Wir beschriften Ihr Fahrzeug individuell nach Ihren Vorgaben \u2013 egal, ob nur als kleiner Schriftzug oder eine komplette Vollverklebung mit digital bedruckten Folien. Da jedes Fahrzeug seine Eigenheiten in Bezug auf Sicken und Rundungen [&hellip;]<\/p>\n","protected":false},"author":1,"featured_media":0,"parent":0,"menu_order":0,"comment_status":"closed","ping_status":"open","template":"","meta":{"footnotes":""},"class_list":["post-1166","page","type-page","status-publish","hentry"],"_links":{"self":[{"href":"https:\/\/dinyx.de\/index.php\/wp-json\/wp\/v2\/pages\/1166","targetHints":{"allow":["GET"]}}],"collection":[{"href":"https:\/\/dinyx.de\/index.php\/wp-json\/wp\/v2\/pages"}],"about":[{"href":"https:\/\/dinyx.de\/index.php\/wp-json\/wp\/v2\/types\/page"}],"author":[{"embeddable":true,"href":"https:\/\/dinyx.de\/index.php\/wp-json\/wp\/v2\/users\/1"}],"replies":[{"embeddable":true,"href":"https:\/\/dinyx.de\/index.php\/wp-json\/wp\/v2\/comments?post=1166"}],"version-history":[{"count":19,"href":"https:\/\/dinyx.de\/index.php\/wp-json\/wp\/v2\/pages\/1166\/revisions"}],"predecessor-version":[{"id":2972,"href":"https:\/\/dinyx.de\/index.php\/wp-json\/wp\/v2\/pages\/1166\/revisions\/2972"}],"wp:attachment":[{"href":"https:\/\/dinyx.de\/index.php\/wp-json\/wp\/v2\/media?parent=1166"}],"curies":[{"name":"wp","href":"https:\/\/api.w.org\/{rel}","templated":true}]}}