{"id":1514,"date":"2024-01-19T18:52:37","date_gmt":"2024-01-19T18:52:37","guid":{"rendered":"https:\/\/serene-chatelet.138-201-86-160.plesk.page\/?page_id=1514"},"modified":"2024-02-05T15:30:13","modified_gmt":"2024-02-05T15:30:13","slug":"impressum","status":"publish","type":"page","link":"https:\/\/dinyx.de\/index.php\/impressum\/","title":{"rendered":"Impressum"},"content":{"rendered":"\t\t<div data-elementor-type=\"wp-page\" data-elementor-id=\"1514\" class=\"elementor elementor-1514\" data-elementor-post-type=\"page\">\n\t\t\t\t<div class=\"elementor-element elementor-element-ff1e8cd e-flex e-con-boxed e-con e-parent\" data-id=\"ff1e8cd\" data-element_type=\"container\">\n\t\t\t\t\t<div class=\"e-con-inner\">\n\t\t<div class=\"elementor-element elementor-element-13ffdc9 e-flex e-con-boxed e-con e-child\" data-id=\"13ffdc9\" data-element_type=\"container\">\n\t\t\t\t\t<div class=\"e-con-inner\">\n\t\t\t\t<div class=\"elementor-element elementor-element-ba1de3f elementor-widget elementor-widget-heading\" data-id=\"ba1de3f\" data-element_type=\"widget\" data-widget_type=\"heading.default\">\n\t\t\t\t\t<h1 class=\"elementor-heading-title elementor-size-default\">Impressum<\/h1>\t\t\t\t<\/div>\n\t\t\t\t\t<\/div>\n\t\t\t\t<\/div>\n\t\t\t\t\t<\/div>\n\t\t\t\t<\/div>\n\t\t<div class=\"elementor-element elementor-element-1f93b6b e-flex e-con-boxed e-con e-parent\" data-id=\"1f93b6b\" data-element_type=\"container\">\n\t\t\t\t\t<div class=\"e-con-inner\">\n\t\t<div class=\"elementor-element elementor-element-c203b11 e-con-full e-flex e-con e-child\" data-id=\"c203b11\" data-element_type=\"container\">\n\t\t\t\t<div class=\"elementor-element elementor-element-86df7fb elementor-widget__width-initial elementor-widget elementor-widget-text-editor\" data-id=\"86df7fb\" data-element_type=\"widget\" data-widget_type=\"text-editor.default\">\n\t\t\t\t\t\t\t\t\t<p><strong>dinyX \u2013 digitaldruck &amp; werbetechnik<\/strong><br \/>Schulenburger Landstrasse 128<br \/>30165 Hannover<\/p><p>Inhaber: Florian Fonk<br \/>Rechtsform: Einzelunternehmen<br \/>Kammer: IHK Hannover<br \/>USt-IdNr.: DE 186188106<\/p><p>Telefon: <a href=\"tel:+4951189952169\">+49 511 \u2013 899 52 169<\/a><br \/>Telefax: +49 511 \u2013 899 52 168<br \/>E-Mail: <a href=\"mailto:info@dinyx.de\">info@dinyx.de<\/a><br \/>Internet: www.dinyx.de<\/p><p><strong>Konzept &amp; Webdesign<\/strong><br \/>creativteam communications GmbH<br \/>Goseriede 4<br \/>30159 Hannover<\/p><p>Telefon: <a href=\"tel:+495116766980\">0511 \/ 67 66 98 0<\/a><br \/>E-Mail: <a href=\"mailto:info@creativteam.com\">info@creativteam.com<\/a><br \/>Internet: <a href=\"http:\/\/www.creativteam.com\" target=\"_blank\" rel=\"noopener\">www.creativteam.com<\/a><\/p>\t\t\t\t\t\t\t\t<\/div>\n\t\t\t\t<\/div>\n\t\t<div class=\"elementor-element elementor-element-5399f9f e-con-full e-flex e-con e-child\" data-id=\"5399f9f\" data-element_type=\"container\">\n\t\t\t\t<div class=\"elementor-element elementor-element-d6c1954 elementor-widget elementor-widget-text-editor\" data-id=\"d6c1954\" data-element_type=\"widget\" data-widget_type=\"text-editor.default\">\n\t\t\t\t\t\t\t\t\tOnline-Streitbeilegung gem\u00e4\u00df Art. 14 Abs. 1 ODR-VO: Die Europ\u00e4ische Kommission stellt eine Plattform zur Online-Streitbeilegung (OS) bereit, die Sie unter <a href=\"https:\/\/ec.europa.eu\/consumers\/odr\/main\/index.cfm?event=main.home.chooseLanguage\" target=\"_blank\" rel=\"noopener\">http:\/\/ec.europa.eu\/consumers\/odr\/<\/a> finden. Dar\u00fcber hinaus nimmt unser Betrieb an einem Verbraucherstreitigkeitsverfahren nicht teil.\n\nHier finden Sie unsere <a href=\"#\">Datenschutzerkl\u00e4rung<\/a>.\t\t\t\t\t\t\t\t<\/div>\n\t\t\t\t<\/div>\n\t\t\t\t\t<\/div>\n\t\t\t\t<\/div>\n\t\t\t\t<\/div>\n\t\t","protected":false},"excerpt":{"rendered":"<p>Impressum dinyX \u2013 digitaldruck &amp; werbetechnikSchulenburger Landstrasse 12830165 Hannover Inhaber: Florian FonkRechtsform: EinzelunternehmenKammer: IHK HannoverUSt-IdNr.: DE 186188106 Telefon: +49 511 \u2013 899 52 169Telefax: +49 511 \u2013 899 52 168E-Mail: info@dinyx.deInternet: www.dinyx.de Konzept &amp; Webdesigncreativteam communications GmbHGoseriede 430159 Hannover Telefon: 0511 \/ 67 66 98 0E-Mail: info@creativteam.comInternet: www.creativteam.com Online-Streitbeilegung gem\u00e4\u00df Art. 14 Abs. 1 ODR-VO: [&hellip;]<\/p>\n","protected":false},"author":1,"featured_media":0,"parent":0,"menu_order":0,"comment_status":"closed","ping_status":"open","template":"","meta":{"footnotes":""},"class_list":["post-1514","page","type-page","status-publish","hentry"],"_links":{"self":[{"href":"https:\/\/dinyx.de\/index.php\/wp-json\/wp\/v2\/pages\/1514","targetHints":{"allow":["GET"]}}],"collection":[{"href":"https:\/\/dinyx.de\/index.php\/wp-json\/wp\/v2\/pages"}],"about":[{"href":"https:\/\/dinyx.de\/index.php\/wp-json\/wp\/v2\/types\/page"}],"author":[{"embeddable":true,"href":"https:\/\/dinyx.de\/index.php\/wp-json\/wp\/v2\/users\/1"}],"replies":[{"embeddable":true,"href":"https:\/\/dinyx.de\/index.php\/wp-json\/wp\/v2\/comments?post=1514"}],"version-history":[{"count":13,"href":"https:\/\/dinyx.de\/index.php\/wp-json\/wp\/v2\/pages\/1514\/revisions"}],"predecessor-version":[{"id":2981,"href":"https:\/\/dinyx.de\/index.php\/wp-json\/wp\/v2\/pages\/1514\/revisions\/2981"}],"wp:attachment":[{"href":"https:\/\/dinyx.de\/index.php\/wp-json\/wp\/v2\/media?parent=1514"}],"curies":[{"name":"wp","href":"https:\/\/api.w.org\/{rel}","templated":true}]}}