{"id":486,"date":"2024-01-15T22:21:48","date_gmt":"2024-01-15T22:21:48","guid":{"rendered":"https:\/\/serene-chatelet.138-201-86-160.plesk.page\/?page_id=486"},"modified":"2024-02-05T15:07:11","modified_gmt":"2024-02-05T15:07:11","slug":"beschriftung-kfz","status":"publish","type":"page","link":"https:\/\/dinyx.de\/index.php\/beschriftung-kfz\/","title":{"rendered":"Beschriftung KFZ"},"content":{"rendered":"\t\t<div data-elementor-type=\"wp-page\" data-elementor-id=\"486\" class=\"elementor elementor-486\" data-elementor-post-type=\"page\">\n\t\t\t\t<div class=\"elementor-element elementor-element-ff1e8cd e-flex e-con-boxed e-con e-parent\" data-id=\"ff1e8cd\" data-element_type=\"container\">\n\t\t\t\t\t<div class=\"e-con-inner\">\n\t\t<div class=\"elementor-element elementor-element-13ffdc9 e-flex e-con-boxed e-con e-child\" data-id=\"13ffdc9\" data-element_type=\"container\">\n\t\t\t\t\t<div class=\"e-con-inner\">\n\t\t\t\t<div class=\"elementor-element elementor-element-1b8438f elementor-widget elementor-widget-heading\" data-id=\"1b8438f\" data-element_type=\"widget\" data-widget_type=\"heading.default\">\n\t\t\t\t\t<h2 class=\"elementor-heading-title elementor-size-default\">Individuelle Beschriftungen f\u00fcr Ihr Fahrzeug<\/h2>\t\t\t\t<\/div>\n\t\t\t\t<div class=\"elementor-element elementor-element-ba1de3f elementor-widget elementor-widget-heading\" data-id=\"ba1de3f\" data-element_type=\"widget\" data-widget_type=\"heading.default\">\n\t\t\t\t\t<h1 class=\"elementor-heading-title elementor-size-default\">Autobeschriftung und Car Wrapping in Hannover<\/h1>\t\t\t\t<\/div>\n\t\t\t\t\t<\/div>\n\t\t\t\t<\/div>\n\t\t\t\t\t<\/div>\n\t\t\t\t<\/div>\n\t\t<div class=\"elementor-element elementor-element-78f6357 e-flex e-con-boxed e-con e-parent\" data-id=\"78f6357\" data-element_type=\"container\">\n\t\t\t\t\t<div class=\"e-con-inner\">\n\t\t<div class=\"elementor-element elementor-element-80166b8 e-con-full e-flex e-con e-child\" data-id=\"80166b8\" data-element_type=\"container\">\n\t\t\t\t<div class=\"elementor-element elementor-element-3f36769 elementor-widget elementor-widget-text-editor\" data-id=\"3f36769\" data-element_type=\"widget\" data-widget_type=\"text-editor.default\">\n\t\t\t\t\t\t\t\t\t<p>Egal, welche Autobeschriftung Sie sich w\u00fcnschen, dinyX aus Hannover setzt Ihre Vorstellung in bester Qualit\u00e4t um. Mit unserer Fahrzeugdatenbank gehen Sie kein Risiko mehr ein, was das Layout und die Umsetzung betrifft.<\/p><p><strong>\u201eWhat you see is what you get\u201c lautet das Motto.<\/strong><\/p><p>Hierbei spielt es keine Rolle, ob Sie nur einen kleinen Aufkleber ben\u00f6tigen oder Ihr gesamtes Fahrzeug in eine digitalbedruckte Folie einpacken m\u00f6chten. Unser Unternehmen aus Hannover steht Ihnen gerne mit seiner jahrelangen Erfahrung auf dem Gebiet der Autobeschriftung zur Verf\u00fcgung.<\/p><p>Lassen Sie sich individuell von uns beraten und entdecken Sie Ihr Fahrzeug als mobilen Werbetr\u00e4ger!<\/p>\t\t\t\t\t\t\t\t<\/div>\n\t\t\t\t<\/div>\n\t\t<div class=\"elementor-element elementor-element-d88ec84 e-con-full e-flex e-con e-child\" data-id=\"d88ec84\" data-element_type=\"container\">\n\t\t\t\t<div class=\"elementor-element elementor-element-d812323 elementor-widget elementor-widget-image\" data-id=\"d812323\" data-element_type=\"widget\" data-widget_type=\"image.default\">\n\t\t\t\t\t\t\t\t\t\t\t\t\t\t\t<img fetchpriority=\"high\" decoding=\"async\" width=\"276\" height=\"207\" src=\"https:\/\/dinyx.de\/wp-content\/uploads\/2024\/01\/dinyx-vorhher-nachher.gif\" class=\"attachment-large size-large wp-image-488\" alt=\"dinyX - digitaldruck &amp; werbetechnik in Hannover\" \/>\t\t\t\t\t\t\t\t\t\t\t\t\t\t\t<\/div>\n\t\t\t\t<\/div>\n\t\t\t\t\t<\/div>\n\t\t\t\t<\/div>\n\t\t<div class=\"elementor-element elementor-element-af4bf05 e-flex e-con-boxed e-con e-parent\" data-id=\"af4bf05\" data-element_type=\"container\" data-settings=\"{&quot;background_background&quot;:&quot;classic&quot;}\">\n\t\t\t\t\t<div class=\"e-con-inner\">\n\t\t<div class=\"elementor-element elementor-element-9c6123c e-flex e-con-boxed e-con e-child\" data-id=\"9c6123c\" data-element_type=\"container\">\n\t\t\t\t\t<div class=\"e-con-inner\">\n\t\t\t\t<div class=\"elementor-element elementor-element-e7f49fb elementor-widget elementor-widget-heading\" data-id=\"e7f49fb\" data-element_type=\"widget\" data-widget_type=\"heading.default\">\n\t\t\t\t\t<h2 class=\"elementor-heading-title elementor-size-default\">Hochwertige Autobeschriftung vom Spezialisten aus Hannover<\/h2>\t\t\t\t<\/div>\n\t\t\t\t<div class=\"elementor-element elementor-element-e1b0d9b elementor-widget__width-initial elementor-widget-mobile__width-initial elementor-widget elementor-widget-text-editor\" data-id=\"e1b0d9b\" data-element_type=\"widget\" data-widget_type=\"text-editor.default\">\n\t\t\t\t\t\t\t\t\t<div class=\"wpb_text_column wpb_content_element \"><div class=\"wpb_wrapper\"><p>F\u00fcr die Autobeschriftung verwenden wir ausschlie\u00dflich hochwertige Qualit\u00e4tsfolien der Marken Oracal, Avery, 3M, Hexis und der IGEPA. Diese bieten je nach Einsatzzweck eine Lebensdauer von mindestens drei Jahren (Polymer) und einer H\u00f6chstlebensdauer von bis zu zehn Jahren (gegossen). \u00dcberzeugen Sie sich selbst von der Qualit\u00e4t unserer Kfz-Beschriftung!<\/p><p>Bei der Fahrzeugvollverklebung verwendet dinyX aus Hannover ausschlie\u00dflich hierf\u00fcr vom Hersteller zertifizierte Folien, egal ob als Plott- oder Digitaldruckfolie.<\/p><\/div><\/div>\t\t\t\t\t\t\t\t<\/div>\n\t\t\t\t\t<\/div>\n\t\t\t\t<\/div>\n\t\t\t\t\t<\/div>\n\t\t\t\t<\/div>\n\t\t<div class=\"elementor-element elementor-element-fa18073 e-flex e-con-boxed e-con e-parent\" data-id=\"fa18073\" data-element_type=\"container\">\n\t\t\t\t\t<div class=\"e-con-inner\">\n\t\t\t\t<div class=\"elementor-element elementor-element-b64475a elementor-widget elementor-widget-gallery\" data-id=\"b64475a\" data-element_type=\"widget\" data-settings=\"{&quot;gallery_layout&quot;:&quot;justified&quot;,&quot;gap&quot;:{&quot;unit&quot;:&quot;px&quot;,&quot;size&quot;:20,&quot;sizes&quot;:[]},&quot;lazyload&quot;:&quot;yes&quot;,&quot;ideal_row_height&quot;:{&quot;unit&quot;:&quot;px&quot;,&quot;size&quot;:200,&quot;sizes&quot;:[]},&quot;ideal_row_height_tablet&quot;:{&quot;unit&quot;:&quot;px&quot;,&quot;size&quot;:150,&quot;sizes&quot;:[]},&quot;ideal_row_height_mobile&quot;:{&quot;unit&quot;:&quot;px&quot;,&quot;size&quot;:150,&quot;sizes&quot;:[]},&quot;gap_tablet&quot;:{&quot;unit&quot;:&quot;px&quot;,&quot;size&quot;:10,&quot;sizes&quot;:[]},&quot;gap_mobile&quot;:{&quot;unit&quot;:&quot;px&quot;,&quot;size&quot;:10,&quot;sizes&quot;:[]},&quot;link_to&quot;:&quot;file&quot;,&quot;overlay_background&quot;:&quot;yes&quot;,&quot;content_hover_animation&quot;:&quot;fade-in&quot;}\" data-widget_type=\"gallery.default\">\n\t\t\t\t\t\t\t<div class=\"elementor-gallery__container\">\n\t\t\t\t\t\t\t<a class=\"e-gallery-item elementor-gallery-item elementor-animated-content\" href=\"https:\/\/dinyx.de\/wp-content\/uploads\/2024\/01\/dinyx_beschriftung_hannover_18.jpg\" data-elementor-open-lightbox=\"yes\" data-elementor-lightbox-slideshow=\"b64475a\" data-elementor-lightbox-title=\"dinyX - digitaldruck &amp; werbetechnik in Hannover\" data-elementor-lightbox-description=\"dinyX - digitaldruck &amp; werbetechnik in Hannover\" data-e-action-hash=\"#elementor-action%3Aaction%3Dlightbox%26settings%3DeyJpZCI6NjgzLCJ1cmwiOiJodHRwczpcL1wvZGlueXguZGVcL3dwLWNvbnRlbnRcL3VwbG9hZHNcLzIwMjRcLzAxXC9kaW55eF9iZXNjaHJpZnR1bmdfaGFubm92ZXJfMTguanBnIiwic2xpZGVzaG93IjoiYjY0NDc1YSJ9\">\n\t\t\t\t\t<div class=\"e-gallery-image elementor-gallery-item__image\" data-thumbnail=\"https:\/\/dinyx.de\/wp-content\/uploads\/2024\/01\/dinyx_beschriftung_hannover_18-300x225.jpg\" data-width=\"300\" data-height=\"225\" aria-label=\"dinyX - digitaldruck &amp; werbetechnik in Hannover\" role=\"img\" ><\/div>\n\t\t\t\t\t\t\t\t\t\t\t<div class=\"elementor-gallery-item__overlay\"><\/div>\n\t\t\t\t\t\t\t\t\t\t\t\t\t\t<\/a>\n\t\t\t\t\t\t\t<a class=\"e-gallery-item elementor-gallery-item elementor-animated-content\" href=\"https:\/\/dinyx.de\/wp-content\/uploads\/2024\/01\/dinyx-autobeschriftung_hannover_06.jpg\" data-elementor-open-lightbox=\"yes\" data-elementor-lightbox-slideshow=\"b64475a\" data-elementor-lightbox-title=\"dinyX - digitaldruck &amp; werbetechnik in Hannover\" data-elementor-lightbox-description=\"dinyX - digitaldruck &amp; werbetechnik in Hannover\" data-e-action-hash=\"#elementor-action%3Aaction%3Dlightbox%26settings%3DeyJpZCI6NjkwLCJ1cmwiOiJodHRwczpcL1wvZGlueXguZGVcL3dwLWNvbnRlbnRcL3VwbG9hZHNcLzIwMjRcLzAxXC9kaW55eC1hdXRvYmVzY2hyaWZ0dW5nX2hhbm5vdmVyXzA2LmpwZyIsInNsaWRlc2hvdyI6ImI2NDQ3NWEifQ%3D%3D\">\n\t\t\t\t\t<div class=\"e-gallery-image elementor-gallery-item__image\" data-thumbnail=\"https:\/\/dinyx.de\/wp-content\/uploads\/2024\/01\/dinyx-autobeschriftung_hannover_06-300x225.jpg\" data-width=\"300\" data-height=\"225\" aria-label=\"dinyX - digitaldruck &amp; werbetechnik in Hannover\" role=\"img\" ><\/div>\n\t\t\t\t\t\t\t\t\t\t\t<div class=\"elementor-gallery-item__overlay\"><\/div>\n\t\t\t\t\t\t\t\t\t\t\t\t\t\t<\/a>\n\t\t\t\t\t\t\t<a class=\"e-gallery-item elementor-gallery-item elementor-animated-content\" href=\"https:\/\/dinyx.de\/wp-content\/uploads\/2024\/01\/dinyx-autobeschriftung_hannover_07.jpg\" data-elementor-open-lightbox=\"yes\" data-elementor-lightbox-slideshow=\"b64475a\" data-elementor-lightbox-title=\"dinyX - digitaldruck &amp; werbetechnik in Hannover\" data-elementor-lightbox-description=\"dinyX - digitaldruck &amp; werbetechnik in Hannover\" data-e-action-hash=\"#elementor-action%3Aaction%3Dlightbox%26settings%3DeyJpZCI6NjkxLCJ1cmwiOiJodHRwczpcL1wvZGlueXguZGVcL3dwLWNvbnRlbnRcL3VwbG9hZHNcLzIwMjRcLzAxXC9kaW55eC1hdXRvYmVzY2hyaWZ0dW5nX2hhbm5vdmVyXzA3LmpwZyIsInNsaWRlc2hvdyI6ImI2NDQ3NWEifQ%3D%3D\">\n\t\t\t\t\t<div class=\"e-gallery-image elementor-gallery-item__image\" data-thumbnail=\"https:\/\/dinyx.de\/wp-content\/uploads\/2024\/01\/dinyx-autobeschriftung_hannover_07-300x225.jpg\" data-width=\"300\" data-height=\"225\" aria-label=\"dinyX - digitaldruck &amp; werbetechnik in Hannover\" role=\"img\" ><\/div>\n\t\t\t\t\t\t\t\t\t\t\t<div class=\"elementor-gallery-item__overlay\"><\/div>\n\t\t\t\t\t\t\t\t\t\t\t\t\t\t<\/a>\n\t\t\t\t\t\t\t<a class=\"e-gallery-item elementor-gallery-item elementor-animated-content\" href=\"https:\/\/dinyx.de\/wp-content\/uploads\/2024\/01\/dinyx-autobeschriftung_hannover_05.jpg\" data-elementor-open-lightbox=\"yes\" data-elementor-lightbox-slideshow=\"b64475a\" data-elementor-lightbox-title=\"dinyX - digitaldruck &amp; werbetechnik in Hannover\" data-elementor-lightbox-description=\"dinyX - digitaldruck &amp; werbetechnik in Hannover\" data-e-action-hash=\"#elementor-action%3Aaction%3Dlightbox%26settings%3DeyJpZCI6Njg5LCJ1cmwiOiJodHRwczpcL1wvZGlueXguZGVcL3dwLWNvbnRlbnRcL3VwbG9hZHNcLzIwMjRcLzAxXC9kaW55eC1hdXRvYmVzY2hyaWZ0dW5nX2hhbm5vdmVyXzA1LmpwZyIsInNsaWRlc2hvdyI6ImI2NDQ3NWEifQ%3D%3D\">\n\t\t\t\t\t<div class=\"e-gallery-image elementor-gallery-item__image\" data-thumbnail=\"https:\/\/dinyx.de\/wp-content\/uploads\/2024\/01\/dinyx-autobeschriftung_hannover_05-300x225.jpg\" data-width=\"300\" data-height=\"225\" aria-label=\"dinyX - digitaldruck &amp; werbetechnik in Hannover\" role=\"img\" ><\/div>\n\t\t\t\t\t\t\t\t\t\t\t<div class=\"elementor-gallery-item__overlay\"><\/div>\n\t\t\t\t\t\t\t\t\t\t\t\t\t\t<\/a>\n\t\t\t\t\t\t\t<a class=\"e-gallery-item elementor-gallery-item elementor-animated-content\" href=\"https:\/\/dinyx.de\/wp-content\/uploads\/2024\/01\/dinyx-autobeschriftung_hannover_04.jpg\" data-elementor-open-lightbox=\"yes\" data-elementor-lightbox-slideshow=\"b64475a\" data-elementor-lightbox-title=\"dinyX - digitaldruck &amp; werbetechnik in Hannover\" data-elementor-lightbox-description=\"dinyX - digitaldruck &amp; werbetechnik in Hannover\" data-e-action-hash=\"#elementor-action%3Aaction%3Dlightbox%26settings%3DeyJpZCI6Njg4LCJ1cmwiOiJodHRwczpcL1wvZGlueXguZGVcL3dwLWNvbnRlbnRcL3VwbG9hZHNcLzIwMjRcLzAxXC9kaW55eC1hdXRvYmVzY2hyaWZ0dW5nX2hhbm5vdmVyXzA0LmpwZyIsInNsaWRlc2hvdyI6ImI2NDQ3NWEifQ%3D%3D\">\n\t\t\t\t\t<div class=\"e-gallery-image elementor-gallery-item__image\" data-thumbnail=\"https:\/\/dinyx.de\/wp-content\/uploads\/2024\/01\/dinyx-autobeschriftung_hannover_04-300x225.jpg\" data-width=\"300\" data-height=\"225\" aria-label=\"dinyX - digitaldruck &amp; werbetechnik in Hannover\" role=\"img\" ><\/div>\n\t\t\t\t\t\t\t\t\t\t\t<div class=\"elementor-gallery-item__overlay\"><\/div>\n\t\t\t\t\t\t\t\t\t\t\t\t\t\t<\/a>\n\t\t\t\t\t\t\t<a class=\"e-gallery-item elementor-gallery-item elementor-animated-content\" href=\"https:\/\/dinyx.de\/wp-content\/uploads\/2024\/01\/dinyx-autobeschriftung_hannover_03.jpg\" data-elementor-open-lightbox=\"yes\" data-elementor-lightbox-slideshow=\"b64475a\" data-elementor-lightbox-title=\"dinyX - digitaldruck &amp; werbetechnik in Hannover\" data-elementor-lightbox-description=\"dinyX - digitaldruck &amp; werbetechnik in Hannover\" data-e-action-hash=\"#elementor-action%3Aaction%3Dlightbox%26settings%3DeyJpZCI6Njg3LCJ1cmwiOiJodHRwczpcL1wvZGlueXguZGVcL3dwLWNvbnRlbnRcL3VwbG9hZHNcLzIwMjRcLzAxXC9kaW55eC1hdXRvYmVzY2hyaWZ0dW5nX2hhbm5vdmVyXzAzLmpwZyIsInNsaWRlc2hvdyI6ImI2NDQ3NWEifQ%3D%3D\">\n\t\t\t\t\t<div class=\"e-gallery-image elementor-gallery-item__image\" data-thumbnail=\"https:\/\/dinyx.de\/wp-content\/uploads\/2024\/01\/dinyx-autobeschriftung_hannover_03-300x225.jpg\" data-width=\"300\" data-height=\"225\" aria-label=\"dinyX - digitaldruck &amp; werbetechnik in Hannover\" role=\"img\" ><\/div>\n\t\t\t\t\t\t\t\t\t\t\t<div class=\"elementor-gallery-item__overlay\"><\/div>\n\t\t\t\t\t\t\t\t\t\t\t\t\t\t<\/a>\n\t\t\t\t\t\t\t<a class=\"e-gallery-item elementor-gallery-item elementor-animated-content\" href=\"https:\/\/dinyx.de\/wp-content\/uploads\/2024\/01\/dinyx-autobeschriftung_hannover_02.jpg\" data-elementor-open-lightbox=\"yes\" data-elementor-lightbox-slideshow=\"b64475a\" data-elementor-lightbox-title=\"dinyX - digitaldruck &amp; werbetechnik in Hannover\" data-elementor-lightbox-description=\"dinyX - digitaldruck &amp; werbetechnik in Hannover\" data-e-action-hash=\"#elementor-action%3Aaction%3Dlightbox%26settings%3DeyJpZCI6Njg2LCJ1cmwiOiJodHRwczpcL1wvZGlueXguZGVcL3dwLWNvbnRlbnRcL3VwbG9hZHNcLzIwMjRcLzAxXC9kaW55eC1hdXRvYmVzY2hyaWZ0dW5nX2hhbm5vdmVyXzAyLmpwZyIsInNsaWRlc2hvdyI6ImI2NDQ3NWEifQ%3D%3D\">\n\t\t\t\t\t<div class=\"e-gallery-image elementor-gallery-item__image\" data-thumbnail=\"https:\/\/dinyx.de\/wp-content\/uploads\/2024\/01\/dinyx-autobeschriftung_hannover_02-300x225.jpg\" data-width=\"300\" data-height=\"225\" aria-label=\"dinyX - digitaldruck &amp; werbetechnik in Hannover\" role=\"img\" ><\/div>\n\t\t\t\t\t\t\t\t\t\t\t<div class=\"elementor-gallery-item__overlay\"><\/div>\n\t\t\t\t\t\t\t\t\t\t\t\t\t\t<\/a>\n\t\t\t\t\t\t\t<a class=\"e-gallery-item elementor-gallery-item elementor-animated-content\" href=\"https:\/\/dinyx.de\/wp-content\/uploads\/2024\/01\/dinyx-autobeschriftung_hannover_01.jpg\" data-elementor-open-lightbox=\"yes\" data-elementor-lightbox-slideshow=\"b64475a\" data-elementor-lightbox-title=\"dinyX - digitaldruck &amp; werbetechnik in Hannover\" data-elementor-lightbox-description=\"dinyX - digitaldruck &amp; werbetechnik in Hannover\" data-e-action-hash=\"#elementor-action%3Aaction%3Dlightbox%26settings%3DeyJpZCI6Njg1LCJ1cmwiOiJodHRwczpcL1wvZGlueXguZGVcL3dwLWNvbnRlbnRcL3VwbG9hZHNcLzIwMjRcLzAxXC9kaW55eC1hdXRvYmVzY2hyaWZ0dW5nX2hhbm5vdmVyXzAxLmpwZyIsInNsaWRlc2hvdyI6ImI2NDQ3NWEifQ%3D%3D\">\n\t\t\t\t\t<div class=\"e-gallery-image elementor-gallery-item__image\" data-thumbnail=\"https:\/\/dinyx.de\/wp-content\/uploads\/2024\/01\/dinyx-autobeschriftung_hannover_01-300x169.jpg\" data-width=\"300\" data-height=\"169\" aria-label=\"dinyX - digitaldruck &amp; werbetechnik in Hannover\" role=\"img\" ><\/div>\n\t\t\t\t\t\t\t\t\t\t\t<div class=\"elementor-gallery-item__overlay\"><\/div>\n\t\t\t\t\t\t\t\t\t\t\t\t\t\t<\/a>\n\t\t\t\t\t\t\t<a class=\"e-gallery-item elementor-gallery-item elementor-animated-content\" href=\"https:\/\/dinyx.de\/wp-content\/uploads\/2024\/01\/dinyx-autobeschriftung_hannover.jpg\" data-elementor-open-lightbox=\"yes\" data-elementor-lightbox-slideshow=\"b64475a\" data-elementor-lightbox-title=\"dinyX - digitaldruck &amp; werbetechnik in Hannover\" data-elementor-lightbox-description=\"dinyX - digitaldruck &amp; werbetechnik in Hannover\" data-e-action-hash=\"#elementor-action%3Aaction%3Dlightbox%26settings%3DeyJpZCI6Njg0LCJ1cmwiOiJodHRwczpcL1wvZGlueXguZGVcL3dwLWNvbnRlbnRcL3VwbG9hZHNcLzIwMjRcLzAxXC9kaW55eC1hdXRvYmVzY2hyaWZ0dW5nX2hhbm5vdmVyLmpwZyIsInNsaWRlc2hvdyI6ImI2NDQ3NWEifQ%3D%3D\">\n\t\t\t\t\t<div class=\"e-gallery-image elementor-gallery-item__image\" data-thumbnail=\"https:\/\/dinyx.de\/wp-content\/uploads\/2024\/01\/dinyx-autobeschriftung_hannover-300x169.jpg\" data-width=\"300\" data-height=\"169\" aria-label=\"dinyX - digitaldruck &amp; werbetechnik in Hannover\" role=\"img\" ><\/div>\n\t\t\t\t\t\t\t\t\t\t\t<div class=\"elementor-gallery-item__overlay\"><\/div>\n\t\t\t\t\t\t\t\t\t\t\t\t\t\t<\/a>\n\t\t\t\t\t\t\t<a class=\"e-gallery-item elementor-gallery-item elementor-animated-content\" href=\"https:\/\/dinyx.de\/wp-content\/uploads\/2024\/01\/dinyx_beschriftung_hannover_08.jpg\" data-elementor-open-lightbox=\"yes\" data-elementor-lightbox-slideshow=\"b64475a\" data-elementor-lightbox-title=\"dinyX - digitaldruck &amp; werbetechnik in Hannover\" data-elementor-lightbox-description=\"dinyX - digitaldruck &amp; werbetechnik in Hannover\" data-e-action-hash=\"#elementor-action%3Aaction%3Dlightbox%26settings%3DeyJpZCI6NjgyLCJ1cmwiOiJodHRwczpcL1wvZGlueXguZGVcL3dwLWNvbnRlbnRcL3VwbG9hZHNcLzIwMjRcLzAxXC9kaW55eF9iZXNjaHJpZnR1bmdfaGFubm92ZXJfMDguanBnIiwic2xpZGVzaG93IjoiYjY0NDc1YSJ9\">\n\t\t\t\t\t<div class=\"e-gallery-image elementor-gallery-item__image\" data-thumbnail=\"https:\/\/dinyx.de\/wp-content\/uploads\/2024\/01\/dinyx_beschriftung_hannover_08-300x224.jpg\" data-width=\"300\" data-height=\"224\" aria-label=\"dinyX - digitaldruck &amp; werbetechnik in Hannover\" role=\"img\" ><\/div>\n\t\t\t\t\t\t\t\t\t\t\t<div class=\"elementor-gallery-item__overlay\"><\/div>\n\t\t\t\t\t\t\t\t\t\t\t\t\t\t<\/a>\n\t\t\t\t\t<\/div>\n\t\t\t\t\t<\/div>\n\t\t\t\t\t<\/div>\n\t\t\t\t<\/div>\n\t\t\t\t<\/div>\n\t\t","protected":false},"excerpt":{"rendered":"<p>Individuelle Beschriftungen f\u00fcr Ihr Fahrzeug Autobeschriftung und Car Wrapping in Hannover Egal, welche Autobeschriftung Sie sich w\u00fcnschen, dinyX aus Hannover setzt Ihre Vorstellung in bester Qualit\u00e4t um. Mit unserer Fahrzeugdatenbank gehen Sie kein Risiko mehr ein, was das Layout und die Umsetzung betrifft. \u201eWhat you see is what you get\u201c lautet das Motto. Hierbei spielt [&hellip;]<\/p>\n","protected":false},"author":1,"featured_media":0,"parent":0,"menu_order":0,"comment_status":"closed","ping_status":"open","template":"","meta":{"footnotes":""},"class_list":["post-486","page","type-page","status-publish","hentry"],"_links":{"self":[{"href":"https:\/\/dinyx.de\/index.php\/wp-json\/wp\/v2\/pages\/486","targetHints":{"allow":["GET"]}}],"collection":[{"href":"https:\/\/dinyx.de\/index.php\/wp-json\/wp\/v2\/pages"}],"about":[{"href":"https:\/\/dinyx.de\/index.php\/wp-json\/wp\/v2\/types\/page"}],"author":[{"embeddable":true,"href":"https:\/\/dinyx.de\/index.php\/wp-json\/wp\/v2\/users\/1"}],"replies":[{"embeddable":true,"href":"https:\/\/dinyx.de\/index.php\/wp-json\/wp\/v2\/comments?post=486"}],"version-history":[{"count":26,"href":"https:\/\/dinyx.de\/index.php\/wp-json\/wp\/v2\/pages\/486\/revisions"}],"predecessor-version":[{"id":3199,"href":"https:\/\/dinyx.de\/index.php\/wp-json\/wp\/v2\/pages\/486\/revisions\/3199"}],"wp:attachment":[{"href":"https:\/\/dinyx.de\/index.php\/wp-json\/wp\/v2\/media?parent=486"}],"curies":[{"name":"wp","href":"https:\/\/api.w.org\/{rel}","templated":true}]}}