{"id":493,"date":"2024-01-15T22:28:20","date_gmt":"2024-01-15T22:28:20","guid":{"rendered":"https:\/\/serene-chatelet.138-201-86-160.plesk.page\/?page_id=493"},"modified":"2024-02-05T15:07:59","modified_gmt":"2024-02-05T15:07:59","slug":"beschriftung-schilder","status":"publish","type":"page","link":"https:\/\/dinyx.de\/index.php\/beschriftung-schilder\/","title":{"rendered":"Beschriftung Schilder"},"content":{"rendered":"\t\t<div data-elementor-type=\"wp-page\" data-elementor-id=\"493\" class=\"elementor elementor-493\" data-elementor-post-type=\"page\">\n\t\t\t\t<div class=\"elementor-element elementor-element-ff1e8cd e-flex e-con-boxed e-con e-parent\" data-id=\"ff1e8cd\" data-element_type=\"container\">\n\t\t\t\t\t<div class=\"e-con-inner\">\n\t\t<div class=\"elementor-element elementor-element-13ffdc9 e-flex e-con-boxed e-con e-child\" data-id=\"13ffdc9\" data-element_type=\"container\">\n\t\t\t\t\t<div class=\"e-con-inner\">\n\t\t\t\t<div class=\"elementor-element elementor-element-1b8438f elementor-widget elementor-widget-heading\" data-id=\"1b8438f\" data-element_type=\"widget\" data-widget_type=\"heading.default\">\n\t\t\t\t\t<h2 class=\"elementor-heading-title elementor-size-default\">Individuelle Werbeschilder<\/h2>\t\t\t\t<\/div>\n\t\t\t\t<div class=\"elementor-element elementor-element-ba1de3f elementor-widget elementor-widget-heading\" data-id=\"ba1de3f\" data-element_type=\"widget\" data-widget_type=\"heading.default\">\n\t\t\t\t\t<h1 class=\"elementor-heading-title elementor-size-default\">F\u00fcr den Innen- und Au\u00dfenbereich aus Hannover<\/h1>\t\t\t\t<\/div>\n\t\t\t\t\t<\/div>\n\t\t\t\t<\/div>\n\t\t\t\t\t<\/div>\n\t\t\t\t<\/div>\n\t\t<div class=\"elementor-element elementor-element-78f6357 e-flex e-con-boxed e-con e-parent\" data-id=\"78f6357\" data-element_type=\"container\">\n\t\t\t\t\t<div class=\"e-con-inner\">\n\t\t<div class=\"elementor-element elementor-element-80166b8 e-con-full e-flex e-con e-child\" data-id=\"80166b8\" data-element_type=\"container\">\n\t\t\t\t<div class=\"elementor-element elementor-element-c6e7762 elementor-widget elementor-widget-text-editor\" data-id=\"c6e7762\" data-element_type=\"widget\" data-widget_type=\"text-editor.default\">\n\t\t\t\t\t\t\t\t\t<p>Setzen Sie f\u00fcr Ihre individuellen Werbeschilder auf das Know-how von dinyx aus Hannover! Sowohl f\u00fcr den Indoor- als auch den Outdoorbereich <strong>bekleben wir vorhandene Schildelemente<\/strong> oder <strong>fertigen f\u00fcr Sie komplette Schildersysteme<\/strong> an. F\u00fcr unsere Werbetr\u00e4ger verwenden wir ausschlie\u00dflich Materialien mit besten Qualit\u00e4ts- und Verarbeitungseigenschaften (Forex, Kapa, Dibond etc.), die nach Ihren Vorstellungen mit Hochleistungsfolie beschriftet werden.<\/p><p>Aufgrund der vielf\u00e4ltigen M\u00f6glichkeiten und der Vielzahl an angebotenen Systemen empfehlen wir Ihnen, ein ausf\u00fchrliches Beratungsgespr\u00e4ch mit einem unserer kompetenten Mitarbeiter zu vereinbaren. Wenn es um Werbeschilder geht, dann sind bei uns in Hannover genau richtig!<\/p>\t\t\t\t\t\t\t\t<\/div>\n\t\t\t\t<div class=\"elementor-element elementor-element-181d9e7 elementor-widget elementor-widget-text-editor\" data-id=\"181d9e7\" data-element_type=\"widget\" data-widget_type=\"text-editor.default\">\n\t\t\t\t\t\t\t\t\t<p>Sie haben Fragen rund um unsere Leistungen oder w\u00fcnschen eine pers\u00f6nliche Beratung? Dann nehmen Sie Kontakt zu uns auf. Wir helfen Ihnen gerne weiter!<\/p>\t\t\t\t\t\t\t\t<\/div>\n\t\t\t\t<\/div>\n\t\t<div class=\"elementor-element elementor-element-c931a79 e-con-full e-flex e-con e-child\" data-id=\"c931a79\" data-element_type=\"container\">\n\t\t\t\t<div class=\"elementor-element elementor-element-9f9ae72 elementor-widget elementor-widget-text-editor\" data-id=\"9f9ae72\" data-element_type=\"widget\" data-widget_type=\"text-editor.default\">\n\t\t\t\t\t\t\t\t\t<p>Wir bieten Ihnen:<\/p>\t\t\t\t\t\t\t\t<\/div>\n\t\t\t\t<div class=\"elementor-element elementor-element-f6b95a5 elementor-widget__width-initial elementor-icon-list--layout-traditional elementor-list-item-link-full_width elementor-widget elementor-widget-icon-list\" data-id=\"f6b95a5\" data-element_type=\"widget\" data-widget_type=\"icon-list.default\">\n\t\t\t\t\t\t\t<ul class=\"elementor-icon-list-items\">\n\t\t\t\t\t\t\t<li class=\"elementor-icon-list-item\">\n\t\t\t\t\t\t\t\t\t\t\t<span class=\"elementor-icon-list-icon\">\n\t\t\t\t\t\t\t<svg aria-hidden=\"true\" class=\"e-font-icon-svg e-fas-chevron-circle-right\" viewBox=\"0 0 512 512\" xmlns=\"http:\/\/www.w3.org\/2000\/svg\"><path d=\"M256 8c137 0 248 111 248 248S393 504 256 504 8 393 8 256 119 8 256 8zm113.9 231L234.4 103.5c-9.4-9.4-24.6-9.4-33.9 0l-17 17c-9.4 9.4-9.4 24.6 0 33.9L285.1 256 183.5 357.6c-9.4 9.4-9.4 24.6 0 33.9l17 17c9.4 9.4 24.6 9.4 33.9 0L369.9 273c9.4-9.4 9.4-24.6 0-34z\"><\/path><\/svg>\t\t\t\t\t\t<\/span>\n\t\t\t\t\t\t\t\t\t\t<span class=\"elementor-icon-list-text\">Firmenschilder<\/span>\n\t\t\t\t\t\t\t\t\t<\/li>\n\t\t\t\t\t\t\t\t<li class=\"elementor-icon-list-item\">\n\t\t\t\t\t\t\t\t\t\t\t<span class=\"elementor-icon-list-icon\">\n\t\t\t\t\t\t\t<svg aria-hidden=\"true\" class=\"e-font-icon-svg e-fas-chevron-circle-right\" viewBox=\"0 0 512 512\" xmlns=\"http:\/\/www.w3.org\/2000\/svg\"><path d=\"M256 8c137 0 248 111 248 248S393 504 256 504 8 393 8 256 119 8 256 8zm113.9 231L234.4 103.5c-9.4-9.4-24.6-9.4-33.9 0l-17 17c-9.4 9.4-9.4 24.6 0 33.9L285.1 256 183.5 357.6c-9.4 9.4-9.4 24.6 0 33.9l17 17c9.4 9.4 24.6 9.4 33.9 0L369.9 273c9.4-9.4 9.4-24.6 0-34z\"><\/path><\/svg>\t\t\t\t\t\t<\/span>\n\t\t\t\t\t\t\t\t\t\t<span class=\"elementor-icon-list-text\">Bauschilder<\/span>\n\t\t\t\t\t\t\t\t\t<\/li>\n\t\t\t\t\t\t\t\t<li class=\"elementor-icon-list-item\">\n\t\t\t\t\t\t\t\t\t\t\t<span class=\"elementor-icon-list-icon\">\n\t\t\t\t\t\t\t<svg aria-hidden=\"true\" class=\"e-font-icon-svg e-fas-chevron-circle-right\" viewBox=\"0 0 512 512\" xmlns=\"http:\/\/www.w3.org\/2000\/svg\"><path d=\"M256 8c137 0 248 111 248 248S393 504 256 504 8 393 8 256 119 8 256 8zm113.9 231L234.4 103.5c-9.4-9.4-24.6-9.4-33.9 0l-17 17c-9.4 9.4-9.4 24.6 0 33.9L285.1 256 183.5 357.6c-9.4 9.4-9.4 24.6 0 33.9l17 17c9.4 9.4 24.6 9.4 33.9 0L369.9 273c9.4-9.4 9.4-24.6 0-34z\"><\/path><\/svg>\t\t\t\t\t\t<\/span>\n\t\t\t\t\t\t\t\t\t\t<span class=\"elementor-icon-list-text\">Werbeschilder<\/span>\n\t\t\t\t\t\t\t\t\t<\/li>\n\t\t\t\t\t\t\t\t<li class=\"elementor-icon-list-item\">\n\t\t\t\t\t\t\t\t\t\t\t<span class=\"elementor-icon-list-icon\">\n\t\t\t\t\t\t\t<svg aria-hidden=\"true\" class=\"e-font-icon-svg e-fas-chevron-circle-right\" viewBox=\"0 0 512 512\" xmlns=\"http:\/\/www.w3.org\/2000\/svg\"><path d=\"M256 8c137 0 248 111 248 248S393 504 256 504 8 393 8 256 119 8 256 8zm113.9 231L234.4 103.5c-9.4-9.4-24.6-9.4-33.9 0l-17 17c-9.4 9.4-9.4 24.6 0 33.9L285.1 256 183.5 357.6c-9.4 9.4-9.4 24.6 0 33.9l17 17c9.4 9.4 24.6 9.4 33.9 0L369.9 273c9.4-9.4 9.4-24.6 0-34z\"><\/path><\/svg>\t\t\t\t\t\t<\/span>\n\t\t\t\t\t\t\t\t\t\t<span class=\"elementor-icon-list-text\">Schulungsr\u00e4ume<\/span>\n\t\t\t\t\t\t\t\t\t<\/li>\n\t\t\t\t\t\t\t\t<li class=\"elementor-icon-list-item\">\n\t\t\t\t\t\t\t\t\t\t\t<span class=\"elementor-icon-list-icon\">\n\t\t\t\t\t\t\t<svg aria-hidden=\"true\" class=\"e-font-icon-svg e-fas-chevron-circle-right\" viewBox=\"0 0 512 512\" xmlns=\"http:\/\/www.w3.org\/2000\/svg\"><path d=\"M256 8c137 0 248 111 248 248S393 504 256 504 8 393 8 256 119 8 256 8zm113.9 231L234.4 103.5c-9.4-9.4-24.6-9.4-33.9 0l-17 17c-9.4 9.4-9.4 24.6 0 33.9L285.1 256 183.5 357.6c-9.4 9.4-9.4 24.6 0 33.9l17 17c9.4 9.4 24.6 9.4 33.9 0L369.9 273c9.4-9.4 9.4-24.6 0-34z\"><\/path><\/svg>\t\t\t\t\t\t<\/span>\n\t\t\t\t\t\t\t\t\t\t<span class=\"elementor-icon-list-text\">Imagebereiche<\/span>\n\t\t\t\t\t\t\t\t\t<\/li>\n\t\t\t\t\t\t<\/ul>\n\t\t\t\t\t\t<\/div>\n\t\t\t\t<\/div>\n\t\t\t\t\t<\/div>\n\t\t\t\t<\/div>\n\t\t<div class=\"elementor-element elementor-element-b630966 e-flex e-con-boxed e-con e-parent\" data-id=\"b630966\" data-element_type=\"container\" data-settings=\"{&quot;background_background&quot;:&quot;classic&quot;}\">\n\t\t\t\t\t<div class=\"e-con-inner\">\n\t\t<div class=\"elementor-element elementor-element-77effd2 e-flex e-con-boxed e-con e-child\" data-id=\"77effd2\" data-element_type=\"container\">\n\t\t\t\t\t<div class=\"e-con-inner\">\n\t\t\t\t<div class=\"elementor-element elementor-element-b50226e elementor-widget elementor-widget-heading\" data-id=\"b50226e\" data-element_type=\"widget\" data-widget_type=\"heading.default\">\n\t\t\t\t\t<h2 class=\"elementor-heading-title elementor-size-default\">Werbeschilder ganz nach Ihrem Bedarf vom Profi aus Hannover<\/h2>\t\t\t\t<\/div>\n\t\t\t\t<div class=\"elementor-element elementor-element-3702abe elementor-widget__width-initial elementor-widget-mobile__width-initial elementor-widget elementor-widget-text-editor\" data-id=\"3702abe\" data-element_type=\"widget\" data-widget_type=\"text-editor.default\">\n\t\t\t\t\t\t\t\t\t<p>Egal, was Sie mit Ihrem Schild vorhaben \u2013 wir haben eine passende L\u00f6sung f\u00fcr Sie. Ob f\u00fcr den Gebrauch als <strong>Aufsteller, Leuchtwerbung, Displays, Deckenh\u00e4nger oder Planen<\/strong> \u2013 wir ermitteln die notwendigen Materialeigenschaften und fertigen danach einen speziell auf Ihre Bed\u00fcrfnisse abgestimmten Werbetr\u00e4ger an. Auch die Gr\u00f6\u00dfe kann individuell auf Ihren Bedarf abgestimmt werden.<\/p><p>Sowohl die Gestaltung als auch die Produktion und Montage Ihrer Werbetr\u00e4ger \u00fcbernimmt dinyX aus Hannover gewohnt fachkundig f\u00fcr Sie.<\/p>\t\t\t\t\t\t\t\t<\/div>\n\t\t\t\t\t<\/div>\n\t\t\t\t<\/div>\n\t\t\t\t\t<\/div>\n\t\t\t\t<\/div>\n\t\t\t\t<\/div>\n\t\t","protected":false},"excerpt":{"rendered":"<p>Individuelle Werbeschilder F\u00fcr den Innen- und Au\u00dfenbereich aus Hannover Setzen Sie f\u00fcr Ihre individuellen Werbeschilder auf das Know-how von dinyx aus Hannover! Sowohl f\u00fcr den Indoor- als auch den Outdoorbereich bekleben wir vorhandene Schildelemente oder fertigen f\u00fcr Sie komplette Schildersysteme an. F\u00fcr unsere Werbetr\u00e4ger verwenden wir ausschlie\u00dflich Materialien mit besten Qualit\u00e4ts- und Verarbeitungseigenschaften (Forex, Kapa, [&hellip;]<\/p>\n","protected":false},"author":1,"featured_media":0,"parent":0,"menu_order":0,"comment_status":"closed","ping_status":"open","template":"","meta":{"footnotes":""},"class_list":["post-493","page","type-page","status-publish","hentry"],"_links":{"self":[{"href":"https:\/\/dinyx.de\/index.php\/wp-json\/wp\/v2\/pages\/493","targetHints":{"allow":["GET"]}}],"collection":[{"href":"https:\/\/dinyx.de\/index.php\/wp-json\/wp\/v2\/pages"}],"about":[{"href":"https:\/\/dinyx.de\/index.php\/wp-json\/wp\/v2\/types\/page"}],"author":[{"embeddable":true,"href":"https:\/\/dinyx.de\/index.php\/wp-json\/wp\/v2\/users\/1"}],"replies":[{"embeddable":true,"href":"https:\/\/dinyx.de\/index.php\/wp-json\/wp\/v2\/comments?post=493"}],"version-history":[{"count":25,"href":"https:\/\/dinyx.de\/index.php\/wp-json\/wp\/v2\/pages\/493\/revisions"}],"predecessor-version":[{"id":2953,"href":"https:\/\/dinyx.de\/index.php\/wp-json\/wp\/v2\/pages\/493\/revisions\/2953"}],"wp:attachment":[{"href":"https:\/\/dinyx.de\/index.php\/wp-json\/wp\/v2\/media?parent=493"}],"curies":[{"name":"wp","href":"https:\/\/api.w.org\/{rel}","templated":true}]}}